{"id":204,"date":"2018-11-04T22:23:51","date_gmt":"2018-11-04T22:23:51","guid":{"rendered":"https:\/\/jf-ameixial.pt\/tmp\/?page_id=204"},"modified":"2018-11-04T22:23:51","modified_gmt":"2018-11-04T22:23:51","slug":"sobre","status":"publish","type":"page","link":"https:\/\/new.jf-ameixial.pt\/?page_id=204","title":{"rendered":"Sobre"},"content":{"rendered":"<p class=\"layout_top\">Ameixial \u00e9 uma freguesia serrana, na partilha com o Alentejo, situada a cerca de meia centena de quil\u00f3metros da sede do concelho. Possui belos montados, abundantes colmeias e caracteriza-se pela sua ruralidade e por uma agricultura de subsist\u00eancia, pr\u00f3pria da Serra do Caldeir\u00e3o, onde n\u00e3o falta tamb\u00e9m o artesanato local.<\/p>\n<p class=\"layout_text\">O clima \u00e9 demasiado frio no Inverno e demasiado quente no Ver\u00e3o. Do centro da aldeia do Ameixial, avistam-se a torre de Beja e uma grande quantidade de montes e vales, ricos em corti\u00e7a e em ca\u00e7a. Tamb\u00e9m a ovinicultura, a caprinicultura e a apicultura caracterizam grande parte da sua \u00e1rea geogr\u00e1fica.Uma refer\u00eancia que distingue o Ameixial \u00e9, sem d\u00favida, o miradouro da Serra do Caldeir\u00e3o que nos proporciona uma paisagem sem igual, bem como o tipicismo do casario que comp\u00f5e a aldeia, um das mais t\u00edpicas da regi\u00e3o algarvia e at\u00e9 do pa\u00eds, onde anualmente se realizam diversas festas, mercados e uma feira, e onde se destaca a festa da passagem do ano. As suas gentes s\u00e3o acolhedoras e mestras na arte de bem receber.<\/p>\n","protected":false},"excerpt":{"rendered":"<p>Ameixial \u00e9 uma freguesia serrana, na partilha com o Alentejo, situada a cerca de meia centena de quil\u00f3metros da sede do concelho. Possui belos montados, abundantes colmeias e caracteriza-se pela sua ruralidade e por uma agricultura de subsist\u00eancia, pr\u00f3pria da Serra do Caldeir\u00e3o, onde n\u00e3o falta tamb\u00e9m o artesanato local. O clima \u00e9 demasiado frio&hellip;&nbsp;<a href=\"https:\/\/new.jf-ameixial.pt\/?page_id=204\" rel=\"bookmark\"><span class=\"screen-reader-text\">Sobre<\/span><\/a><\/p>\n","protected":false},"author":1,"featured_media":0,"parent":0,"menu_order":0,"comment_status":"closed","ping_status":"closed","template":"","meta":{"neve_meta_sidebar":"","neve_meta_container":"","neve_meta_enable_content_width":"","neve_meta_content_width":0,"neve_meta_title_alignment":"","neve_meta_author_avatar":"","neve_post_elements_order":"","neve_meta_disable_header":"","neve_meta_disable_footer":"","neve_meta_disable_title":"","footnotes":""},"class_list":["post-204","page","type-page","status-publish"],"_links":{"self":[{"href":"https:\/\/new.jf-ameixial.pt\/index.php?rest_route=\/wp\/v2\/pages\/204","targetHints":{"allow":["GET"]}}],"collection":[{"href":"https:\/\/new.jf-ameixial.pt\/index.php?rest_route=\/wp\/v2\/pages"}],"about":[{"href":"https:\/\/new.jf-ameixial.pt\/index.php?rest_route=\/wp\/v2\/types\/page"}],"author":[{"embeddable":true,"href":"https:\/\/new.jf-ameixial.pt\/index.php?rest_route=\/wp\/v2\/users\/1"}],"replies":[{"embeddable":true,"href":"https:\/\/new.jf-ameixial.pt\/index.php?rest_route=%2Fwp%2Fv2%2Fcomments&post=204"}],"version-history":[{"count":1,"href":"https:\/\/new.jf-ameixial.pt\/index.php?rest_route=\/wp\/v2\/pages\/204\/revisions"}],"predecessor-version":[{"id":1457,"href":"https:\/\/new.jf-ameixial.pt\/index.php?rest_route=\/wp\/v2\/pages\/204\/revisions\/1457"}],"wp:attachment":[{"href":"https:\/\/new.jf-ameixial.pt\/index.php?rest_route=%2Fwp%2Fv2%2Fmedia&parent=204"}],"curies":[{"name":"wp","href":"https:\/\/api.w.org\/{rel}","templated":true}]}}