{"id":273,"date":"2018-11-04T23:35:57","date_gmt":"2018-11-04T23:35:57","guid":{"rendered":"https:\/\/jf-ameixial.pt\/tmp\/?page_id=273"},"modified":"2026-04-18T11:59:33","modified_gmt":"2026-04-18T11:59:33","slug":"atestados","status":"publish","type":"page","link":"https:\/\/new.jf-ameixial.pt\/?page_id=273","title":{"rendered":"Atestados"},"content":{"rendered":"\n<h2 class=\"wp-block-heading\">Atestados emitidos pela junta de freguesia<\/h2>\n\n\n\n<p><strong>Decreto Lei n\u00ba 135\/99, de 22 abril<\/strong><\/p>\n\n\n\n<p><strong>Artigo 34.\u00ba&nbsp;<\/strong><br><strong>Atestados emitidos pelas juntas de freguesia<\/strong><\/p>\n\n\n\n<p>1 &#8211; Os <strong>atestados<\/strong> de <em><strong>resid\u00eancia<\/strong><\/em>, <em><strong>vida<\/strong> <\/em>e <em><strong>situa\u00e7\u00e3o econ\u00f3mica<\/strong><\/em> dos cidad\u00e3os e os <em><strong>termos de identidade e justifica\u00e7\u00e3o administrativa<\/strong><\/em> passados pelas juntas de freguesia nos termos das al\u00edneas qq) e rr) do n.\u00ba 1 do artigo 16.\u00ba da Lei n.\u00ba 75\/2013, de 12 de setembro, s\u00e3o emitidos desde que qualquer dos membros do respetivo executivo ou da assembleia de freguesia tenha conhecimento direto dos factos a atestar, ou quando a prova desses factos seja feita por testemunho oral ou escrito de dois cidad\u00e3os eleitores recenseados na freguesia ou ainda por outro meio legalmente admiss\u00edvel, nomeadamente testemunho oral ou escrito do t\u00e9cnico ou assistente social da \u00e1rea onde o cidad\u00e3o pernoita, no caso de se tratar de atestado requerido por pessoa em situa\u00e7\u00e3o de sem-abrigo.<\/p>\n\n\n\n<p>2 &#8211; Nos casos de urg\u00eancia, o presidente da junta de freguesia pode passar os atestados a que se refere este diploma, independentemente de pr\u00e9via delibera\u00e7\u00e3o da junta.<\/p>\n\n\n\n<p>3 &#8211; N\u00e3o est\u00e1 sujeita a forma especial a produ\u00e7\u00e3o de qualquer das provas referidas, devendo, quando orais, ser reduzidas a escrito pelo funcion\u00e1rio que as receber e confirmadas mediante assinatura de quem as apresentar.<\/p>\n\n\n\n<p>4 &#8211; As falsas declara\u00e7\u00f5es s\u00e3o punidas nos termos da lei penal.<\/p>\n\n\n\n<p>5 &#8211; A <strong>certid\u00e3o<\/strong>, relativa \u00e0 <em><strong>situa\u00e7\u00e3o econ\u00f3mica do cidad\u00e3o<\/strong><\/em>, que contenha refer\u00eancia \u00e0 sua resid\u00eancia faz prova plena desse facto e dispensa a jun\u00e7\u00e3o no mesmo processo de atestado de resid\u00eancia ou cart\u00e3o de eleitor.<\/p>\n\n\n\n<p>6 &#8211; As certid\u00f5es referidas no n\u00famero anterior podem ser substitu\u00eddas por atestados passados pelo presidente da junta.<\/p>\n\n\n\n<p>7 &#8211; \u00c9 gratuita a emiss\u00e3o dos atestados referidos no presente artigo, quando seja requerida por pessoa em situa\u00e7\u00e3o de sem-abrigo.<\/p>\n","protected":false},"excerpt":{"rendered":"<p>Atestados emitidos pela junta de freguesia Decreto Lei n\u00ba 135\/99, de 22 abril Artigo 34.\u00ba&nbsp;Atestados emitidos pelas juntas de freguesia 1 &#8211; Os atestados de resid\u00eancia, vida e situa\u00e7\u00e3o econ\u00f3mica dos cidad\u00e3os e os termos de identidade e justifica\u00e7\u00e3o administrativa passados pelas juntas de freguesia nos termos das al\u00edneas qq) e rr) do n.\u00ba 1&hellip;&nbsp;<a href=\"https:\/\/new.jf-ameixial.pt\/?page_id=273\" rel=\"bookmark\"><span class=\"screen-reader-text\">Atestados<\/span><\/a><\/p>\n","protected":false},"author":1,"featured_media":0,"parent":0,"menu_order":0,"comment_status":"closed","ping_status":"closed","template":"","meta":{"neve_meta_sidebar":"","neve_meta_container":"","neve_meta_enable_content_width":"","neve_meta_content_width":0,"neve_meta_title_alignment":"","neve_meta_author_avatar":"","neve_post_elements_order":"","neve_meta_disable_header":"","neve_meta_disable_footer":"","neve_meta_disable_title":"","footnotes":""},"class_list":["post-273","page","type-page","status-publish"],"_links":{"self":[{"href":"https:\/\/new.jf-ameixial.pt\/index.php?rest_route=\/wp\/v2\/pages\/273","targetHints":{"allow":["GET"]}}],"collection":[{"href":"https:\/\/new.jf-ameixial.pt\/index.php?rest_route=\/wp\/v2\/pages"}],"about":[{"href":"https:\/\/new.jf-ameixial.pt\/index.php?rest_route=\/wp\/v2\/types\/page"}],"author":[{"embeddable":true,"href":"https:\/\/new.jf-ameixial.pt\/index.php?rest_route=\/wp\/v2\/users\/1"}],"replies":[{"embeddable":true,"href":"https:\/\/new.jf-ameixial.pt\/index.php?rest_route=%2Fwp%2Fv2%2Fcomments&post=273"}],"version-history":[{"count":2,"href":"https:\/\/new.jf-ameixial.pt\/index.php?rest_route=\/wp\/v2\/pages\/273\/revisions"}],"predecessor-version":[{"id":1469,"href":"https:\/\/new.jf-ameixial.pt\/index.php?rest_route=\/wp\/v2\/pages\/273\/revisions\/1469"}],"wp:attachment":[{"href":"https:\/\/new.jf-ameixial.pt\/index.php?rest_route=%2Fwp%2Fv2%2Fmedia&parent=273"}],"curies":[{"name":"wp","href":"https:\/\/api.w.org\/{rel}","templated":true}]}}