{"id":364,"date":"2018-11-05T16:31:46","date_gmt":"2018-11-05T16:31:46","guid":{"rendered":"https:\/\/jf-ameixial.pt\/tmp\/?page_id=364"},"modified":"2026-04-18T11:25:32","modified_gmt":"2026-04-18T11:25:32","slug":"tradicoes","status":"publish","type":"page","link":"https:\/\/new.jf-ameixial.pt\/?page_id=364","title":{"rendered":"Tradi\u00e7\u00f5es"},"content":{"rendered":"<p>No <strong>1\u00ba de maio<\/strong> ir para o campo fazer piquenique.<\/p>\n<p>Nos <strong>Santos Populares<\/strong> fazer fogueiras com rosas de S\u00e3o Jo\u00e3o e saltar a fogueira e tamb\u00e9m a elabora\u00e7\u00e3o do Mastro que \u00e9 coberto de flores e ervas campestres e \u00e0 volta do qual se dan\u00e7a.<\/p>\n<p>Devido \u00e0 riqueza e diversidade da flora dos seus campos e montados \u00e9 tamb\u00e9m a <strong>ca\u00e7a<\/strong> uma tradi\u00e7\u00e3o de elei\u00e7\u00e3o no Ameixial, que consiste em 3 \u00e9pocas venat\u00f3rias.<\/p>\n<p><strong>Apicultura<\/strong>: Fabrico de mel por m\u00e9todos artesanais com a exist\u00eancia de v\u00e1rios apicultores<\/p>\n<p>Novembro: No S\u00e3o Martinho assar as castanhas e beber o vinho, apanhar o medronho para fazer a aguardente pelo m\u00e9todo tradicional e os licores, apanhar a azeitona para consumo e para levar ao lagar para fazer o azeite.<\/p>\n<p>No final de Novembro e durante o m\u00eas de Dezembro a <strong>matan\u00e7a do porco<\/strong> que re\u00fane as fam\u00edlias para o evento e para a ajuda e distribui\u00e7\u00e3o das tarefas da mesma.<\/p>\n<p>Existem ainda pastores\/criadores de gado Ovino e Caprino.<\/p>\n","protected":false},"excerpt":{"rendered":"<p>No 1\u00ba de maio ir para o campo fazer piquenique. Nos Santos Populares fazer fogueiras com rosas de S\u00e3o Jo\u00e3o e saltar a fogueira e tamb\u00e9m a elabora\u00e7\u00e3o do Mastro que \u00e9 coberto de flores e ervas campestres e \u00e0 volta do qual se dan\u00e7a. Devido \u00e0 riqueza e diversidade da flora dos seus campos&hellip;&nbsp;<a href=\"https:\/\/new.jf-ameixial.pt\/?page_id=364\" rel=\"bookmark\"><span class=\"screen-reader-text\">Tradi\u00e7\u00f5es<\/span><\/a><\/p>\n","protected":false},"author":1,"featured_media":0,"parent":0,"menu_order":0,"comment_status":"closed","ping_status":"closed","template":"","meta":{"neve_meta_sidebar":"","neve_meta_container":"","neve_meta_enable_content_width":"","neve_meta_content_width":0,"neve_meta_title_alignment":"","neve_meta_author_avatar":"","neve_post_elements_order":"","neve_meta_disable_header":"","neve_meta_disable_footer":"","neve_meta_disable_title":"","footnotes":""},"class_list":["post-364","page","type-page","status-publish"],"_links":{"self":[{"href":"https:\/\/new.jf-ameixial.pt\/index.php?rest_route=\/wp\/v2\/pages\/364","targetHints":{"allow":["GET"]}}],"collection":[{"href":"https:\/\/new.jf-ameixial.pt\/index.php?rest_route=\/wp\/v2\/pages"}],"about":[{"href":"https:\/\/new.jf-ameixial.pt\/index.php?rest_route=\/wp\/v2\/types\/page"}],"author":[{"embeddable":true,"href":"https:\/\/new.jf-ameixial.pt\/index.php?rest_route=\/wp\/v2\/users\/1"}],"replies":[{"embeddable":true,"href":"https:\/\/new.jf-ameixial.pt\/index.php?rest_route=%2Fwp%2Fv2%2Fcomments&post=364"}],"version-history":[{"count":1,"href":"https:\/\/new.jf-ameixial.pt\/index.php?rest_route=\/wp\/v2\/pages\/364\/revisions"}],"predecessor-version":[{"id":1458,"href":"https:\/\/new.jf-ameixial.pt\/index.php?rest_route=\/wp\/v2\/pages\/364\/revisions\/1458"}],"wp:attachment":[{"href":"https:\/\/new.jf-ameixial.pt\/index.php?rest_route=%2Fwp%2Fv2%2Fmedia&parent=364"}],"curies":[{"name":"wp","href":"https:\/\/api.w.org\/{rel}","templated":true}]}}