{"id":388,"date":"2018-11-05T16:57:45","date_gmt":"2018-11-05T16:57:45","guid":{"rendered":"https:\/\/jf-ameixial.pt\/tmp\/?page_id=388"},"modified":"2018-11-05T16:57:45","modified_gmt":"2018-11-05T16:57:45","slug":"o-que-visitar","status":"publish","type":"page","link":"https:\/\/new.jf-ameixial.pt\/?page_id=388","title":{"rendered":"O que visitar"},"content":{"rendered":"<h1><strong>Fonte da Seiceira<\/strong><\/h1>\n<p><img loading=\"lazy\" decoding=\"async\" class=\"wp-image-406  alignleft\" style=\"font-weight: bold; background-color: transparent; font-size: 1rem;\" src=\"https:\/\/new.jf-ameixial.pt\/wp-content\/uploads\/2020\/12\/Seiceira.jpg\" alt=\"\" width=\"327\" height=\"246\"> &nbsp; A Fonte da Seiceira \u00e9 uma nascente de \u00e1gua termal f\u00e9rrea com efeitos ben\u00e9ficos para quem sofre de doen\u00e7as do aparelho digestivo. Neste ponto, pode ver a bica da Fonte e o lind\u00edssimo espelho de \u00e1gua. Pode tamb\u00e9m aproveitar para encher a sua garrafa de \u00e1gua.<br \/>\n&nbsp; Pela presen\u00e7a destas \u00e1guas, bem como pela qualidade mediterr\u00e2nica do seu clima (com fracas precipita\u00e7\u00f5es anuais e temperaturas suaves no inverno), o Ameixial foi um destino de turismo de sa\u00fade durante a primeira metade do s\u00e9culo XX (Costa, 2014: 358-359).<\/p>\n<p>&nbsp;Mas j\u00e1 muito anteriormente, encontramos a alus\u00e3o \u00e0 boa qualidade da \u00e1gua do Ameixial e \u00e0s suas propriedades medicinais: uma \u00e1gua \u201cmuito salut\u00edfera, que della se uza para beber e tamb\u00e9m para darem os almocreves agua a suas cavalgaduras. [\u2026] Estas aguas s\u00e3o todas especiaes, pois pessoa que padecia dor de pedra, emquanto aqui esteve por espa\u00e7o de hum m\u00eas esprimentou n\u00e3o ter impedimento nas orinas mas felicidades\u201d (in Martins, 2004: 427).<\/p>\n<p>&nbsp;<\/p>\n","protected":false},"excerpt":{"rendered":"<p>Fonte da Seiceira &nbsp; A Fonte da Seiceira \u00e9 uma nascente de \u00e1gua termal f\u00e9rrea com efeitos ben\u00e9ficos para quem sofre de doen\u00e7as do aparelho digestivo. Neste ponto, pode ver a bica da Fonte e o lind\u00edssimo espelho de \u00e1gua. Pode tamb\u00e9m aproveitar para encher a sua garrafa de \u00e1gua. &nbsp; Pela presen\u00e7a destas \u00e1guas,&hellip;&nbsp;<a href=\"https:\/\/new.jf-ameixial.pt\/?page_id=388\" rel=\"bookmark\"><span class=\"screen-reader-text\">O que visitar<\/span><\/a><\/p>\n","protected":false},"author":1,"featured_media":0,"parent":0,"menu_order":0,"comment_status":"closed","ping_status":"closed","template":"","meta":{"neve_meta_sidebar":"","neve_meta_container":"","neve_meta_enable_content_width":"","neve_meta_content_width":0,"neve_meta_title_alignment":"","neve_meta_author_avatar":"","neve_post_elements_order":"","neve_meta_disable_header":"","neve_meta_disable_footer":"","neve_meta_disable_title":"","footnotes":""},"class_list":["post-388","page","type-page","status-publish"],"_links":{"self":[{"href":"https:\/\/new.jf-ameixial.pt\/index.php?rest_route=\/wp\/v2\/pages\/388","targetHints":{"allow":["GET"]}}],"collection":[{"href":"https:\/\/new.jf-ameixial.pt\/index.php?rest_route=\/wp\/v2\/pages"}],"about":[{"href":"https:\/\/new.jf-ameixial.pt\/index.php?rest_route=\/wp\/v2\/types\/page"}],"author":[{"embeddable":true,"href":"https:\/\/new.jf-ameixial.pt\/index.php?rest_route=\/wp\/v2\/users\/1"}],"replies":[{"embeddable":true,"href":"https:\/\/new.jf-ameixial.pt\/index.php?rest_route=%2Fwp%2Fv2%2Fcomments&post=388"}],"version-history":[{"count":0,"href":"https:\/\/new.jf-ameixial.pt\/index.php?rest_route=\/wp\/v2\/pages\/388\/revisions"}],"wp:attachment":[{"href":"https:\/\/new.jf-ameixial.pt\/index.php?rest_route=%2Fwp%2Fv2%2Fmedia&parent=388"}],"curies":[{"name":"wp","href":"https:\/\/api.w.org\/{rel}","templated":true}]}}